{"id":1548,"date":"2022-08-26T15:20:37","date_gmt":"2022-08-26T15:20:37","guid":{"rendered":"https:\/\/demo.muslimacademy.net\/?page_id=1548"},"modified":"2024-04-13T19:56:58","modified_gmt":"2024-04-13T19:56:58","slug":"explanation-of-the-holy-quran","status":"publish","type":"page","link":"https:\/\/muslimacademy.net\/index.php\/explanation-of-the-holy-quran\/","title":{"rendered":"Explanation of the Holy Quran"},"content":{"rendered":"\t\t<div data-elementor-type=\"wp-page\" data-elementor-id=\"1548\" class=\"elementor elementor-1548\">\n\t\t\t\t\t\t<section class=\"elementor-section elementor-top-section elementor-element elementor-element-9e28597 elementor-section-boxed elementor-section-height-default elementor-section-height-default exad-glass-effect-no exad-sticky-section-no\" data-id=\"9e28597\" data-element_type=\"section\" data-e-type=\"section\">\n\t\t\t\t\t\t<div class=\"elementor-container elementor-column-gap-default\">\n\t\t\t\t\t<div class=\"aux-parallax-section elementor-column elementor-col-100 elementor-top-column elementor-element elementor-element-c9112af exad-glass-effect-no exad-sticky-section-no\" data-id=\"c9112af\" data-element_type=\"column\" data-e-type=\"column\">\n\t\t\t<div class=\"elementor-widget-wrap elementor-element-populated\">\n\t\t\t\t\t\t<section class=\"elementor-section elementor-inner-section elementor-element elementor-element-c31fc72 elementor-section-boxed elementor-section-height-default elementor-section-height-default exad-glass-effect-no exad-sticky-section-no\" data-id=\"c31fc72\" data-element_type=\"section\" data-e-type=\"section\">\n\t\t\t\t\t\t<div class=\"elementor-container elementor-column-gap-default\">\n\t\t\t\t\t<div class=\"aux-parallax-section elementor-column elementor-col-100 elementor-inner-column elementor-element elementor-element-7d02bce exad-glass-effect-no exad-sticky-section-no\" data-id=\"7d02bce\" data-element_type=\"column\" data-e-type=\"column\">\n\t\t\t<div class=\"elementor-widget-wrap elementor-element-populated\">\n\t\t\t\t\t\t<div class=\"elementor-element elementor-element-6b594da exad-sticky-section-no exad-glass-effect-no elementor-widget elementor-widget-heading\" data-id=\"6b594da\" data-element_type=\"widget\" data-e-type=\"widget\" data-widget_type=\"heading.default\">\n\t\t\t\t<div class=\"elementor-widget-container\">\n\t\t\t\t\t<h2 class=\"elementor-heading-title elementor-size-default\">Explanation of the Holy Quran<\/h2>\t\t\t\t<\/div>\n\t\t\t\t<\/div>\n\t\t\t\t<div class=\"elementor-element elementor-element-deafa97 exad-sticky-section-no exad-glass-effect-no elementor-widget elementor-widget-text-editor\" data-id=\"deafa97\" data-element_type=\"widget\" data-e-type=\"widget\" data-widget_type=\"text-editor.default\">\n\t\t\t\t<div class=\"elementor-widget-container\">\n\t\t\t\t\t\t\t\t\t<p><strong>Explanation of the Holy Quran delves into the deeper meanings and context of the Quranic verses, It goes beyond mere translation.<\/strong><\/p>\t\t\t\t\t\t\t\t<\/div>\n\t\t\t\t<\/div>\n\t\t\t\t\t<\/div>\n\t\t<\/div>\n\t\t\t\t\t<\/div>\n\t\t<\/section>\n\t\t\t\t<section class=\"elementor-section elementor-inner-section elementor-element elementor-element-38a9b25 elementor-section-boxed elementor-section-height-default elementor-section-height-default exad-glass-effect-no exad-sticky-section-no\" data-id=\"38a9b25\" data-element_type=\"section\" data-e-type=\"section\">\n\t\t\t\t\t\t<div class=\"elementor-container elementor-column-gap-default\">\n\t\t\t\t\t<div class=\"aux-parallax-section elementor-column elementor-col-50 elementor-inner-column elementor-element elementor-element-d796b8b exad-glass-effect-no\" data-id=\"d796b8b\" data-element_type=\"column\" data-e-type=\"column\">\n\t\t\t<div class=\"elementor-widget-wrap elementor-element-populated\">\n\t\t\t\t\t\t<div class=\"elementor-element elementor-element-b3e08b5 exad-sticky-section-no exad-glass-effect-no elementor-widget elementor-widget-image\" data-id=\"b3e08b5\" data-element_type=\"widget\" data-e-type=\"widget\" data-widget_type=\"image.default\">\n\t\t\t\t<div class=\"elementor-widget-container\">\n\t\t\t\t\t\t\t\t\t\t\t\t\t\t\t<img fetchpriority=\"high\" decoding=\"async\" width=\"337\" height=\"470\" src=\"https:\/\/muslimacademy.net\/wp-content\/uploads\/2024\/03\/Quran-Muslim-Academy.webp\" class=\"attachment-2048x2048 size-2048x2048 wp-image-8104 not-transparent\" alt=\"Quran\" srcset=\"https:\/\/muslimacademy.net\/wp-content\/uploads\/2024\/03\/Quran-Muslim-Academy.webp 337w, https:\/\/muslimacademy.net\/wp-content\/uploads\/2024\/03\/Quran-Muslim-Academy-215x300.webp 215w, https:\/\/muslimacademy.net\/wp-content\/uploads\/2024\/03\/Quran-Muslim-Academy-108x150.webp 108w\" sizes=\"(max-width: 337px) 100vw, 337px\" data-has-transparency=\"false\" data-dominant-color=\"48442e\" style=\"--dominant-color: #48442e\" \/>\t\t\t\t\t\t\t\t\t\t\t\t\t\t\t<\/div>\n\t\t\t\t<\/div>\n\t\t\t\t<div class=\"elementor-element elementor-element-d093456 exad-sticky-section-no exad-glass-effect-no elementor-widget elementor-widget-heading\" data-id=\"d093456\" data-element_type=\"widget\" data-e-type=\"widget\" data-widget_type=\"heading.default\">\n\t\t\t\t<div class=\"elementor-widget-container\">\n\t\t\t\t\t<h3 class=\"elementor-heading-title elementor-size-default\">Explanation of the holy Quran<br>By Dr. Mu\u1e25ammad Taq\u012b-ud D\u012bn al-Hil\u0101l\u012b &amp;\nDr. Mu\u1e25ammad Mu\u1e25sin Kh\u0101n<\/h3>\t\t\t\t<\/div>\n\t\t\t\t<\/div>\n\t\t\t\t<div class=\"elementor-element elementor-element-d9a2139 exad-glass-effect-no elementor-widget elementor-widget-exad-modal-popup\" data-id=\"d9a2139\" data-element_type=\"widget\" data-e-type=\"widget\" data-widget_type=\"exad-modal-popup.default\">\n\t\t\t\t<div class=\"elementor-widget-container\">\n\t\t\t\t\t\t\t\r\n\t\t<div class=\"exad-modal\">\r\n\t\t\t<div class=\"exad-modal-wrapper\">\r\n\r\n\t\t\t\t<div class=\"exad-modal-button exad-modal-btn-fixed-width-\">\r\n\t\t\t\t\t<a href=\"#\" class=\"exad-modal-image-action image-modal\" data-exad-modal=\"#exad-modal-d9a2139\" data-exad-overlay=\"\" >\r\n\t\t\t\t\t\t<span class=\"exad-modal-action-icon-\">\r\n\t\t\t\t\t\t\tRead Now\t\t\t\t\t\t<\/span>\r\n\t\t\t\t\t<\/a>\r\n\t\t\t\t<\/div>\r\n\t\t\r\n\t\t\t\t<div id=\"exad-modal-d9a2139\" class=\"exad-modal-item modal-vimeo top-to-middle shortcode exad-content-overflow-x-yes exad-content-overflow-y-yes\" data-exad_modal_prevent_page_scroll=\"no\" >\r\n\t\t\t\t\t<div class=\"exad-modal-content\">\r\n\t\t\t\t\t\t<div class=\"exad-modal-element \">\r\n\t\t\t\t\t\t\t\t\t<div data-elementor-type=\"wp-post\" data-elementor-id=\"1206\" class=\"elementor elementor-1206\">\n\t\t\t\t\t\t<section class=\"elementor-section elementor-top-section elementor-element elementor-element-2f8afed elementor-section-height-min-height elementor-section-boxed elementor-section-height-default elementor-section-items-middle exad-sticky-section-no\" data-id=\"2f8afed\" data-element_type=\"section\" data-e-type=\"section\" data-settings=\"{&quot;background_background&quot;:&quot;classic&quot;}\">\n\t\t\t\t\t\t\t<div class=\"elementor-background-overlay\"><\/div>\n\t\t\t\t\t\t\t<div class=\"elementor-container elementor-column-gap-no\">\n\t\t\t\t\t<div class=\"aux-parallax-section elementor-column elementor-col-100 elementor-top-column elementor-element elementor-element-113e9fa exad-glass-effect-no exad-sticky-section-no\" data-id=\"113e9fa\" data-element_type=\"column\" data-e-type=\"column\">\n\t\t\t<div class=\"elementor-widget-wrap elementor-element-populated\">\n\t\t\t\t\t\t<div class=\"elementor-element elementor-element-a07a661 exad-sticky-section-no exad-glass-effect-no elementor-widget elementor-widget-shortcode\" data-id=\"a07a661\" data-element_type=\"widget\" data-e-type=\"widget\" data-widget_type=\"shortcode.default\">\n\t\t\t\t<div class=\"elementor-widget-container\">\n\t\t\t\t\t\t\t<div class=\"elementor-shortcode\"><iframe src=\"https:\/\/drive.google.com\/file\/d\/1zyjYh53MyHwd3qONuo3aneaC7ProYm_j\/preview\" width=\"640\" height=\"480\" allow=\"autoplay\"><\/iframe><\/div>\n\t\t\t\t\t\t<\/div>\n\t\t\t\t<\/div>\n\t\t\t\t\t<\/div>\n\t\t<\/div>\n\t\t\t\t\t<\/div>\n\t\t<\/section>\n\t\t\t\t<\/div>\n\t\t\r\n\t\t\t\t\t\t\t<div class=\"exad-close-btn\">\r\n\t\t\t\t\t\t\t\t<span><\/span>\r\n\t\t\t\t\t\t\t<\/div>\r\n\r\n\t\t\t\t\t\t<\/div>\r\n\t\t\t\t\t<\/div>\r\n\t\t\t\t<\/div>\r\n\t\t\t<\/div>\r\n\t\t\t<div class=\"exad-modal-overlay\" data-exad_overlay_click_close=\"\"><\/div>\r\n\t\t<\/div>\r\n\t\t\t\t\t<\/div>\n\t\t\t\t<\/div>\n\t\t\t\t\t<\/div>\n\t\t<\/div>\n\t\t\t\t<div class=\"aux-parallax-section elementor-column elementor-col-50 elementor-inner-column elementor-element elementor-element-4360296 exad-glass-effect-no exad-sticky-section-no\" data-id=\"4360296\" data-element_type=\"column\" data-e-type=\"column\">\n\t\t\t<div class=\"elementor-widget-wrap elementor-element-populated\">\n\t\t\t\t\t\t<div class=\"elementor-element elementor-element-3efc28a exad-sticky-section-no exad-glass-effect-no elementor-widget elementor-widget-image\" data-id=\"3efc28a\" data-element_type=\"widget\" data-e-type=\"widget\" data-widget_type=\"image.default\">\n\t\t\t\t<div class=\"elementor-widget-container\">\n\t\t\t\t\t\t\t\t\t\t\t\t\t\t\t<img decoding=\"async\" width=\"300\" height=\"424\" src=\"https:\/\/muslimacademy.net\/wp-content\/uploads\/2024\/03\/Holy-Quran-Muslim-Academy.webp\" class=\"attachment-2048x2048 size-2048x2048 wp-image-8101 not-transparent\" alt=\"Qura&#039;n\" srcset=\"https:\/\/muslimacademy.net\/wp-content\/uploads\/2024\/03\/Holy-Quran-Muslim-Academy.webp 300w, https:\/\/muslimacademy.net\/wp-content\/uploads\/2024\/03\/Holy-Quran-Muslim-Academy-212x300.webp 212w, https:\/\/muslimacademy.net\/wp-content\/uploads\/2024\/03\/Holy-Quran-Muslim-Academy-106x150.webp 106w\" sizes=\"(max-width: 300px) 100vw, 300px\" data-has-transparency=\"false\" data-dominant-color=\"383313\" style=\"--dominant-color: #383313\" \/>\t\t\t\t\t\t\t\t\t\t\t\t\t\t\t<\/div>\n\t\t\t\t<\/div>\n\t\t\t\t<div class=\"elementor-element elementor-element-c39b139 exad-sticky-section-no exad-glass-effect-no elementor-widget elementor-widget-heading\" data-id=\"c39b139\" data-element_type=\"widget\" data-e-type=\"widget\" data-widget_type=\"heading.default\">\n\t\t\t\t<div class=\"elementor-widget-container\">\n\t\t\t\t\t<h3 class=\"elementor-heading-title elementor-size-default\">Explanation of the holy Quran<br>By Saheeh International<\/h3>\t\t\t\t<\/div>\n\t\t\t\t<\/div>\n\t\t\t\t<div class=\"elementor-element elementor-element-64ebc0b elementor-align-center exad-sticky-section-no exad-glass-effect-no elementor-invisible elementor-widget elementor-widget-button\" data-id=\"64ebc0b\" data-element_type=\"widget\" data-e-type=\"widget\" data-settings=\"{&quot;_animation&quot;:&quot;zoomIn&quot;,&quot;_animation_delay&quot;:0}\" data-widget_type=\"button.default\">\n\t\t\t\t<div class=\"elementor-widget-container\">\n\t\t\t\t\t\t\t\t\t<div class=\"elementor-button-wrapper\">\n\t\t\t\t\t<a class=\"elementor-button elementor-button-link elementor-size-md\" href=\"https:\/\/drive.google.com\/file\/d\/1vo7YapUTuEej1edwnIhvxiInecwRuw7e\/view\" target=\"_blank\">\n\t\t\t\t\t\t<span class=\"elementor-button-content-wrapper\">\n\t\t\t\t\t\t\t\t\t<span class=\"elementor-button-text\">Read Now<\/span>\n\t\t\t\t\t<\/span>\n\t\t\t\t\t<\/a>\n\t\t\t\t<\/div>\n\t\t\t\t\t\t\t\t<\/div>\n\t\t\t\t<\/div>\n\t\t\t\t\t<\/div>\n\t\t<\/div>\n\t\t\t\t\t<\/div>\n\t\t<\/section>\n\t\t\t\t\t<\/div>\n\t\t<\/div>\n\t\t\t\t\t<\/div>\n\t\t<\/section>\n\t\t\t\t<\/div>\n\t\t","protected":false},"excerpt":{"rendered":"<p>Explanation of the Holy Quran Explanation of the Holy Quran delves into the deeper meanings and context of the Quranic verses, It goes beyond mere translation. Explanation of the holy Quran By Dr. Mu\u1e25ammad Taq\u012b-ud D\u012bn al-Hil\u0101l\u012b &amp; Dr. Mu\u1e25ammad Mu\u1e25sin Kh\u0101n Read Now Explanation of the holy Quran By Saheeh International Read Now<\/p>\n","protected":false},"author":3,"featured_media":8101,"parent":0,"menu_order":0,"comment_status":"closed","ping_status":"closed","template":"","meta":{"googlesitekit_rrm_CAow7-C-DA:productID":"","_uf_show_specific_survey":0,"_uf_disable_surveys":false,"footnotes":""},"class_list":["post-1548","page","type-page","status-publish","has-post-thumbnail","hentry"],"yoast_head":"<!-- This site is optimized with the Yoast SEO plugin v27.5 - https:\/\/yoast.com\/product\/yoast-seo-wordpress\/ -->\n<title>Explanation of the Holy Quran - Muslim Academy<\/title>\n<meta name=\"description\" content=\"Explanation of the Holy Quran delves into the deeper meanings and context of the Quranic verses, It goes beyond mere translation.\" \/>\n<meta name=\"robots\" content=\"index, follow, max-snippet:-1, max-image-preview:large, max-video-preview:-1\" \/>\n<link rel=\"canonical\" href=\"https:\/\/muslimacademy.net\/index.php\/explanation-of-the-holy-quran\/\" \/>\n<meta property=\"og:locale\" content=\"en_US\" \/>\n<meta property=\"og:type\" content=\"article\" \/>\n<meta property=\"og:title\" content=\"Explanation of the Holy Quran - Muslim Academy\" \/>\n<meta property=\"og:description\" content=\"Explanation of the Holy Quran delves into the deeper meanings and context of the Quranic verses, It goes beyond mere translation.\" \/>\n<meta property=\"og:url\" content=\"https:\/\/muslimacademy.net\/index.php\/explanation-of-the-holy-quran\/\" \/>\n<meta property=\"og:site_name\" content=\"Muslim Academy\" \/>\n<meta property=\"article:publisher\" content=\"https:\/\/www.facebook.com\/MuslimAcademy9\" \/>\n<meta property=\"article:modified_time\" content=\"2024-04-13T19:56:58+00:00\" \/>\n<meta property=\"og:image\" content=\"https:\/\/muslimacademy.net\/wp-content\/uploads\/2024\/03\/Holy-Quran-Muslim-Academy.webp\" \/>\n\t<meta property=\"og:image:width\" content=\"300\" \/>\n\t<meta property=\"og:image:height\" content=\"424\" \/>\n\t<meta property=\"og:image:type\" content=\"image\/webp\" \/>\n<meta name=\"twitter:card\" content=\"summary_large_image\" \/>\n<meta name=\"twitter:site\" content=\"@MuslimAcademy9\" \/>\n<meta name=\"twitter:label1\" content=\"Est. reading time\" \/>\n\t<meta name=\"twitter:data1\" content=\"1 minute\" \/>\n<script type=\"application\/ld+json\" class=\"yoast-schema-graph\">{\"@context\":\"https:\\\/\\\/schema.org\",\"@graph\":[{\"@type\":\"WebPage\",\"@id\":\"https:\\\/\\\/muslimacademy.net\\\/index.php\\\/explanation-of-the-holy-quran\\\/\",\"url\":\"https:\\\/\\\/muslimacademy.net\\\/index.php\\\/explanation-of-the-holy-quran\\\/\",\"name\":\"Explanation of the Holy Quran - Muslim Academy\",\"isPartOf\":{\"@id\":\"https:\\\/\\\/muslimacademy.net\\\/#website\"},\"primaryImageOfPage\":{\"@id\":\"https:\\\/\\\/muslimacademy.net\\\/index.php\\\/explanation-of-the-holy-quran\\\/#primaryimage\"},\"image\":{\"@id\":\"https:\\\/\\\/muslimacademy.net\\\/index.php\\\/explanation-of-the-holy-quran\\\/#primaryimage\"},\"thumbnailUrl\":\"https:\\\/\\\/muslimacademy.net\\\/wp-content\\\/uploads\\\/2024\\\/03\\\/Holy-Quran-Muslim-Academy.webp\",\"datePublished\":\"2022-08-26T15:20:37+00:00\",\"dateModified\":\"2024-04-13T19:56:58+00:00\",\"description\":\"Explanation of the Holy Quran delves into the deeper meanings and context of the Quranic verses, It goes beyond mere translation.\",\"breadcrumb\":{\"@id\":\"https:\\\/\\\/muslimacademy.net\\\/index.php\\\/explanation-of-the-holy-quran\\\/#breadcrumb\"},\"inLanguage\":\"en-US\",\"potentialAction\":[{\"@type\":\"ReadAction\",\"target\":[\"https:\\\/\\\/muslimacademy.net\\\/index.php\\\/explanation-of-the-holy-quran\\\/\"]}]},{\"@type\":\"ImageObject\",\"inLanguage\":\"en-US\",\"@id\":\"https:\\\/\\\/muslimacademy.net\\\/index.php\\\/explanation-of-the-holy-quran\\\/#primaryimage\",\"url\":\"https:\\\/\\\/muslimacademy.net\\\/wp-content\\\/uploads\\\/2024\\\/03\\\/Holy-Quran-Muslim-Academy.webp\",\"contentUrl\":\"https:\\\/\\\/muslimacademy.net\\\/wp-content\\\/uploads\\\/2024\\\/03\\\/Holy-Quran-Muslim-Academy.webp\",\"width\":300,\"height\":424,\"caption\":\"Qura'n, Muslim Academy\"},{\"@type\":\"BreadcrumbList\",\"@id\":\"https:\\\/\\\/muslimacademy.net\\\/index.php\\\/explanation-of-the-holy-quran\\\/#breadcrumb\",\"itemListElement\":[{\"@type\":\"ListItem\",\"position\":1,\"name\":\"Home\",\"item\":\"https:\\\/\\\/muslimacademy.net\\\/\"},{\"@type\":\"ListItem\",\"position\":2,\"name\":\"Explanation of the Holy Quran\"}]},{\"@type\":\"WebSite\",\"@id\":\"https:\\\/\\\/muslimacademy.net\\\/#website\",\"url\":\"https:\\\/\\\/muslimacademy.net\\\/\",\"name\":\"Muslim Academy\",\"description\":\"Academy For Tutting Quran and Tajweed\",\"publisher\":{\"@id\":\"https:\\\/\\\/muslimacademy.net\\\/#organization\"},\"potentialAction\":[{\"@type\":\"SearchAction\",\"target\":{\"@type\":\"EntryPoint\",\"urlTemplate\":\"https:\\\/\\\/muslimacademy.net\\\/?s={search_term_string}\"},\"query-input\":{\"@type\":\"PropertyValueSpecification\",\"valueRequired\":true,\"valueName\":\"search_term_string\"}}],\"inLanguage\":\"en-US\"},{\"@type\":\"Organization\",\"@id\":\"https:\\\/\\\/muslimacademy.net\\\/#organization\",\"name\":\"Muslim Academy\",\"url\":\"https:\\\/\\\/muslimacademy.net\\\/\",\"logo\":{\"@type\":\"ImageObject\",\"inLanguage\":\"en-US\",\"@id\":\"https:\\\/\\\/muslimacademy.net\\\/#\\\/schema\\\/logo\\\/image\\\/\",\"url\":\"https:\\\/\\\/muslimacademy.net\\\/wp-content\\\/uploads\\\/2022\\\/08\\\/cropped-logoFINALTARNS-2-2-e1661353893758.png\",\"contentUrl\":\"https:\\\/\\\/muslimacademy.net\\\/wp-content\\\/uploads\\\/2022\\\/08\\\/cropped-logoFINALTARNS-2-2-e1661353893758.png\",\"width\":154,\"height\":176,\"caption\":\"Muslim Academy\"},\"image\":{\"@id\":\"https:\\\/\\\/muslimacademy.net\\\/#\\\/schema\\\/logo\\\/image\\\/\"},\"sameAs\":[\"https:\\\/\\\/www.facebook.com\\\/MuslimAcademy9\",\"https:\\\/\\\/x.com\\\/MuslimAcademy9\",\"https:\\\/\\\/www.instagram.com\\\/MuslimAcademy9\\\/\",\"https:\\\/\\\/www.youtube.com\\\/@muslimacademy9\"]}]}<\/script>\n<!-- \/ Yoast SEO plugin. -->","yoast_head_json":{"title":"Explanation of the Holy Quran - Muslim Academy","description":"Explanation of the Holy Quran delves into the deeper meanings and context of the Quranic verses, It goes beyond mere translation.","robots":{"index":"index","follow":"follow","max-snippet":"max-snippet:-1","max-image-preview":"max-image-preview:large","max-video-preview":"max-video-preview:-1"},"canonical":"https:\/\/muslimacademy.net\/index.php\/explanation-of-the-holy-quran\/","og_locale":"en_US","og_type":"article","og_title":"Explanation of the Holy Quran - Muslim Academy","og_description":"Explanation of the Holy Quran delves into the deeper meanings and context of the Quranic verses, It goes beyond mere translation.","og_url":"https:\/\/muslimacademy.net\/index.php\/explanation-of-the-holy-quran\/","og_site_name":"Muslim Academy","article_publisher":"https:\/\/www.facebook.com\/MuslimAcademy9","article_modified_time":"2024-04-13T19:56:58+00:00","og_image":[{"width":300,"height":424,"url":"https:\/\/muslimacademy.net\/wp-content\/uploads\/2024\/03\/Holy-Quran-Muslim-Academy.webp","type":"image\/webp"}],"twitter_card":"summary_large_image","twitter_site":"@MuslimAcademy9","twitter_misc":{"Est. reading time":"1 minute"},"schema":{"@context":"https:\/\/schema.org","@graph":[{"@type":"WebPage","@id":"https:\/\/muslimacademy.net\/index.php\/explanation-of-the-holy-quran\/","url":"https:\/\/muslimacademy.net\/index.php\/explanation-of-the-holy-quran\/","name":"Explanation of the Holy Quran - Muslim Academy","isPartOf":{"@id":"https:\/\/muslimacademy.net\/#website"},"primaryImageOfPage":{"@id":"https:\/\/muslimacademy.net\/index.php\/explanation-of-the-holy-quran\/#primaryimage"},"image":{"@id":"https:\/\/muslimacademy.net\/index.php\/explanation-of-the-holy-quran\/#primaryimage"},"thumbnailUrl":"https:\/\/muslimacademy.net\/wp-content\/uploads\/2024\/03\/Holy-Quran-Muslim-Academy.webp","datePublished":"2022-08-26T15:20:37+00:00","dateModified":"2024-04-13T19:56:58+00:00","description":"Explanation of the Holy Quran delves into the deeper meanings and context of the Quranic verses, It goes beyond mere translation.","breadcrumb":{"@id":"https:\/\/muslimacademy.net\/index.php\/explanation-of-the-holy-quran\/#breadcrumb"},"inLanguage":"en-US","potentialAction":[{"@type":"ReadAction","target":["https:\/\/muslimacademy.net\/index.php\/explanation-of-the-holy-quran\/"]}]},{"@type":"ImageObject","inLanguage":"en-US","@id":"https:\/\/muslimacademy.net\/index.php\/explanation-of-the-holy-quran\/#primaryimage","url":"https:\/\/muslimacademy.net\/wp-content\/uploads\/2024\/03\/Holy-Quran-Muslim-Academy.webp","contentUrl":"https:\/\/muslimacademy.net\/wp-content\/uploads\/2024\/03\/Holy-Quran-Muslim-Academy.webp","width":300,"height":424,"caption":"Qura'n, Muslim Academy"},{"@type":"BreadcrumbList","@id":"https:\/\/muslimacademy.net\/index.php\/explanation-of-the-holy-quran\/#breadcrumb","itemListElement":[{"@type":"ListItem","position":1,"name":"Home","item":"https:\/\/muslimacademy.net\/"},{"@type":"ListItem","position":2,"name":"Explanation of the Holy Quran"}]},{"@type":"WebSite","@id":"https:\/\/muslimacademy.net\/#website","url":"https:\/\/muslimacademy.net\/","name":"Muslim Academy","description":"Academy For Tutting Quran and Tajweed","publisher":{"@id":"https:\/\/muslimacademy.net\/#organization"},"potentialAction":[{"@type":"SearchAction","target":{"@type":"EntryPoint","urlTemplate":"https:\/\/muslimacademy.net\/?s={search_term_string}"},"query-input":{"@type":"PropertyValueSpecification","valueRequired":true,"valueName":"search_term_string"}}],"inLanguage":"en-US"},{"@type":"Organization","@id":"https:\/\/muslimacademy.net\/#organization","name":"Muslim Academy","url":"https:\/\/muslimacademy.net\/","logo":{"@type":"ImageObject","inLanguage":"en-US","@id":"https:\/\/muslimacademy.net\/#\/schema\/logo\/image\/","url":"https:\/\/muslimacademy.net\/wp-content\/uploads\/2022\/08\/cropped-logoFINALTARNS-2-2-e1661353893758.png","contentUrl":"https:\/\/muslimacademy.net\/wp-content\/uploads\/2022\/08\/cropped-logoFINALTARNS-2-2-e1661353893758.png","width":154,"height":176,"caption":"Muslim Academy"},"image":{"@id":"https:\/\/muslimacademy.net\/#\/schema\/logo\/image\/"},"sameAs":["https:\/\/www.facebook.com\/MuslimAcademy9","https:\/\/x.com\/MuslimAcademy9","https:\/\/www.instagram.com\/MuslimAcademy9\/","https:\/\/www.youtube.com\/@muslimacademy9"]}]}},"rttpg_featured_image_url":{"full":["https:\/\/muslimacademy.net\/wp-content\/uploads\/2024\/03\/Holy-Quran-Muslim-Academy.webp",300,424,false],"landscape":["https:\/\/muslimacademy.net\/wp-content\/uploads\/2024\/03\/Holy-Quran-Muslim-Academy.webp",300,424,false],"portraits":["https:\/\/muslimacademy.net\/wp-content\/uploads\/2024\/03\/Holy-Quran-Muslim-Academy.webp",300,424,false],"thumbnail":["https:\/\/muslimacademy.net\/wp-content\/uploads\/2024\/03\/Holy-Quran-Muslim-Academy-106x150.webp",106,150,true],"medium":["https:\/\/muslimacademy.net\/wp-content\/uploads\/2024\/03\/Holy-Quran-Muslim-Academy-212x300.webp",212,300,true],"large":["https:\/\/muslimacademy.net\/wp-content\/uploads\/2024\/03\/Holy-Quran-Muslim-Academy.webp",300,424,false],"1536x1536":["https:\/\/muslimacademy.net\/wp-content\/uploads\/2024\/03\/Holy-Quran-Muslim-Academy.webp",300,424,false],"2048x2048":["https:\/\/muslimacademy.net\/wp-content\/uploads\/2024\/03\/Holy-Quran-Muslim-Academy.webp",300,424,false],"post-thumbnail":["https:\/\/muslimacademy.net\/wp-content\/uploads\/2024\/03\/Holy-Quran-Muslim-Academy-280x180.webp",280,180,true]},"rttpg_author":{"display_name":"Muslim Academy","author_link":"https:\/\/muslimacademy.net\/index.php\/author\/eslamsamy\/"},"rttpg_comment":0,"rttpg_category":null,"rttpg_excerpt":"Explanation of the Holy Quran Explanation of the Holy Quran delves into the deeper meanings and context of the Quranic verses, It goes beyond mere translation. Explanation of the holy Quran By Dr. Mu\u1e25ammad Taq\u012b-ud D\u012bn al-Hil\u0101l\u012b &amp; Dr. Mu\u1e25ammad Mu\u1e25sin Kh\u0101n Read Now Explanation of the holy Quran By Saheeh International Read Now","_links":{"self":[{"href":"https:\/\/muslimacademy.net\/index.php\/wp-json\/wp\/v2\/pages\/1548","targetHints":{"allow":["GET"]}}],"collection":[{"href":"https:\/\/muslimacademy.net\/index.php\/wp-json\/wp\/v2\/pages"}],"about":[{"href":"https:\/\/muslimacademy.net\/index.php\/wp-json\/wp\/v2\/types\/page"}],"author":[{"embeddable":true,"href":"https:\/\/muslimacademy.net\/index.php\/wp-json\/wp\/v2\/users\/3"}],"replies":[{"embeddable":true,"href":"https:\/\/muslimacademy.net\/index.php\/wp-json\/wp\/v2\/comments?post=1548"}],"version-history":[{"count":0,"href":"https:\/\/muslimacademy.net\/index.php\/wp-json\/wp\/v2\/pages\/1548\/revisions"}],"wp:featuredmedia":[{"embeddable":true,"href":"https:\/\/muslimacademy.net\/index.php\/wp-json\/wp\/v2\/media\/8101"}],"wp:attachment":[{"href":"https:\/\/muslimacademy.net\/index.php\/wp-json\/wp\/v2\/media?parent=1548"}],"curies":[{"name":"wp","href":"https:\/\/api.w.org\/{rel}","templated":true}]}}